{"id":11,"date":"2023-10-27T15:15:21","date_gmt":"2023-10-27T13:15:21","guid":{"rendered":"https:\/\/cvgbgia.cluster029.hosting.ovh.net\/?page_id=11"},"modified":"2024-12-05T12:01:25","modified_gmt":"2024-12-05T11:01:25","slug":"ala","status":"publish","type":"page","link":"https:\/\/www.lesortarchi.fr\/","title":{"rendered":"Atelier d&rsquo;Architecture \u00e0 Bourbon l&rsquo;Archambault (03)"},"content":{"rendered":"\n<div class=\"wp-block-group alignfull has-ti-bg-color has-text-color has-background is-layout-constrained wp-container-core-group-is-layout-4b87db4f wp-block-group-is-layout-constrained\" style=\"background-color:#a44a3f;margin-top:0px;margin-bottom:0px;padding-top:64px;padding-bottom:64px\">\n<div class=\"wp-block-group alignwide is-layout-flow wp-container-core-group-is-layout-c304226c wp-block-group-is-layout-flow\">\n<div class=\"wp-block-group is-layout-flow wp-container-core-group-is-layout-ce02884d wp-block-group-is-layout-flow\">\n<figure class=\"wp-block-image aligncenter size-full is-resized wp-duotone-ffffff-ffffff-1\"><img fetchpriority=\"high\" decoding=\"async\" width=\"512\" height=\"512\" src=\"https:\/\/www.lesortarchi.fr\/wp-content\/uploads\/2024\/01\/cone.png\" alt=\"\" class=\"wp-image-44\" style=\"width:66px;height:auto\" srcset=\"https:\/\/www.lesortarchi.fr\/wp-content\/uploads\/2024\/01\/cone.png 512w, https:\/\/www.lesortarchi.fr\/wp-content\/uploads\/2024\/01\/cone-300x300.png 300w, https:\/\/www.lesortarchi.fr\/wp-content\/uploads\/2024\/01\/cone-150x150.png 150w\" sizes=\"(max-width: 512px) 100vw, 512px\" \/><\/figure>\n\n\n\n<h3 class=\"wp-block-heading has-text-align-center has-x-large-font-size\">site en construction<\/h3>\n<\/div>\n<\/div>\n<\/div>\n\n\n\n<h2 class=\"wp-block-heading has-text-align-center\">Bienvenue !<\/h2>\n\n\n\n<div class=\"wp-block-group is-layout-constrained wp-block-group-is-layout-constrained\">\n<p>Fond\u00e9 en 2022 par Anna Lesort, architecte passionn\u00e9e par le b\u00e2ti ancien et ses innombrables possibilit\u00e9s de transformations et de transmission, l&rsquo;atelier ALA se consacre \u00e0 accompagner tant les particuliers que les entreprises dans leurs projets de travaux.<\/p>\n\n\n\n<p> ALA accorde une place pr\u00e9pond\u00e9rante au diagnostic, qu&rsquo;il soit architectural et patrimonial ou \u00e9nerg\u00e9tique. Cette approche vise \u00e0 faciliter la prise de d\u00e9cision de mani\u00e8re \u00e9clair\u00e9e et pertinente.<\/p>\n\n\n\n<p>Engag\u00e9 dans la lutte contre le changement climatique et la pr\u00e9carit\u00e9 \u00e9nerg\u00e9tique, ALA s&rsquo;efforce d&rsquo;apporter des solutions durables et responsables \u00e0 ses clients.<\/p>\n<\/div>\n\n\n\n<div class=\"wp-block-group alignfull is-layout-constrained wp-container-core-group-is-layout-352a731e wp-block-group-is-layout-constrained\" style=\"margin-top:0px;margin-bottom:0px;padding-top:64px;padding-bottom:64px\">\n<h2 class=\"wp-block-heading has-text-align-center\">Nos Services<\/h2>\n\n\n\n<div class=\"wp-block-group is-layout-constrained wp-container-core-group-is-layout-19c400f2 wp-block-group-is-layout-constrained\" style=\"border-radius:0px;margin-top:0;margin-bottom:0\">\n<div class=\"wp-block-columns is-layout-flex wp-container-core-columns-is-layout-b0bab6eb wp-block-columns-is-layout-flex\" style=\"margin-top:var(--wp--preset--spacing--40);margin-bottom:var(--wp--preset--spacing--40)\">\n<div class=\"wp-block-column has-ti-fg-alt-color has-ti-bg-inv-background-color has-text-color has-background is-layout-flow wp-block-column-is-layout-flow\" style=\"padding-top:32px;padding-right:32px;padding-bottom:32px;padding-left:32px\">\n<figure class=\"wp-block-image aligncenter size-full is-resized has-custom-border is-style-default wp-duotone-ffffff-ffffff-2\"><a href=\"https:\/\/www.lesortarchi.fr\/wp-content\/uploads\/2024\/01\/plan-de-la-maison.png\"><img decoding=\"async\" width=\"512\" height=\"512\" src=\"https:\/\/www.lesortarchi.fr\/wp-content\/uploads\/2024\/01\/plan-de-la-maison.png\" alt=\"\" class=\"wp-image-41\" style=\"border-style:none;border-width:0px;border-radius:0px;width:89px;height:auto\" srcset=\"https:\/\/www.lesortarchi.fr\/wp-content\/uploads\/2024\/01\/plan-de-la-maison.png 512w, https:\/\/www.lesortarchi.fr\/wp-content\/uploads\/2024\/01\/plan-de-la-maison-300x300.png 300w, https:\/\/www.lesortarchi.fr\/wp-content\/uploads\/2024\/01\/plan-de-la-maison-150x150.png 150w\" sizes=\"(max-width: 512px) 100vw, 512px\" \/><\/a><\/figure>\n\n\n\n<h3 class=\"wp-block-heading has-text-align-center\"><strong>Ma\u00eetrise d\u2019\u0152uvre<\/strong> <\/h3>\n\n\n\n<p class=\"has-text-align-center\">Nous vous accompagnons dans toutes les \u00e9tapes de votre projet : \u00e9tudes pr\u00e9liminaires, pr\u00e9paration de chantier, supervision de chantier. <\/p>\n\n\n\n<p class=\"has-text-align-center\">Nous veillons \u00e0 ce que chaque \u00e9tape de la r\u00e9novation respecte vos attentes, en alliant qualit\u00e9 architecturale, respect des d\u00e9lais et ma\u00eetrise de votre budget.<\/p>\n\n\n\n<div class=\"wp-block-buttons is-content-justification-center is-layout-flex wp-container-core-buttons-is-layout-1fb448e7 wp-block-buttons-is-layout-flex\">\n<div class=\"wp-block-button is-style-outline is-style-outline--3\"><a class=\"wp-block-button__link wp-element-button\">En savoir plus<\/a><\/div>\n<\/div>\n<\/div>\n\n\n\n<div class=\"wp-block-column is-vertically-aligned-stretch has-ti-fg-alt-color has-ti-bg-inv-background-color has-text-color has-background is-layout-flow wp-block-column-is-layout-flow\" style=\"padding-top:32px;padding-right:32px;padding-bottom:32px;padding-left:32px\">\n<div class=\"wp-block-group is-vertical is-content-justification-center is-layout-flex wp-container-core-group-is-layout-ce155fab wp-block-group-is-layout-flex\" style=\"min-height:750px\">\n<figure class=\"wp-block-image aligncenter size-full is-resized wp-duotone-ffffff-ffffff-4\"><img decoding=\"async\" width=\"512\" height=\"512\" src=\"https:\/\/www.lesortarchi.fr\/wp-content\/uploads\/2024\/01\/classe-energetique2.png\" alt=\"\" class=\"wp-image-43\" style=\"width:89px;height:auto\" srcset=\"https:\/\/www.lesortarchi.fr\/wp-content\/uploads\/2024\/01\/classe-energetique2.png 512w, https:\/\/www.lesortarchi.fr\/wp-content\/uploads\/2024\/01\/classe-energetique2-300x300.png 300w, https:\/\/www.lesortarchi.fr\/wp-content\/uploads\/2024\/01\/classe-energetique2-150x150.png 150w\" sizes=\"(max-width: 512px) 100vw, 512px\" \/><\/figure>\n\n\n\n<h3 class=\"wp-block-heading has-text-align-center\"><strong>R\u00e9novation \u00c9nerg\u00e9tique<\/strong> <\/h3>\n\n\n\n<div class=\"wp-block-group is-layout-constrained wp-block-group-is-layout-constrained\">\n<div class=\"wp-block-group is-layout-constrained wp-container-core-group-is-layout-274bafd0 wp-block-group-is-layout-constrained\" style=\"padding-top:3.3rem;padding-bottom:3.3rem\">\n<p class=\"has-text-align-center\">Transformez les b\u00e2timents anciens en mod\u00e8les de durabilit\u00e9 et de confort.<\/p>\n\n\n\n<p class=\"has-text-align-center\">Nous fournissons des recommandations personnalis\u00e9es pour am\u00e9liorer l\u2019efficacit\u00e9 \u00e9nerg\u00e9tique de vos b\u00e2timents de fa\u00e7on pertinente. <\/p>\n<\/div>\n<\/div>\n\n\n\n<div class=\"wp-block-buttons is-content-justification-center is-layout-flex wp-container-core-buttons-is-layout-a89b3969 wp-block-buttons-is-layout-flex\">\n<div class=\"wp-block-button is-style-outline is-style-outline--5\"><a class=\"wp-block-button__link wp-element-button\">En savoir plus<\/a><\/div>\n<\/div>\n<\/div>\n<\/div>\n\n\n\n<div class=\"wp-block-column is-vertically-aligned-stretch has-ti-fg-alt-color has-ti-bg-inv-background-color has-text-color has-background is-layout-flow wp-block-column-is-layout-flow\" style=\"padding-top:32px;padding-right:32px;padding-bottom:32px;padding-left:32px\">\n<figure class=\"wp-block-image aligncenter size-full is-resized wp-duotone-ffffff-ffffff-6\"><img loading=\"lazy\" decoding=\"async\" width=\"512\" height=\"512\" src=\"https:\/\/www.lesortarchi.fr\/wp-content\/uploads\/2024\/01\/cotravail.png\" alt=\"\" class=\"wp-image-42\" style=\"width:91px;height:auto\" srcset=\"https:\/\/www.lesortarchi.fr\/wp-content\/uploads\/2024\/01\/cotravail.png 512w, https:\/\/www.lesortarchi.fr\/wp-content\/uploads\/2024\/01\/cotravail-300x300.png 300w, https:\/\/www.lesortarchi.fr\/wp-content\/uploads\/2024\/01\/cotravail-150x150.png 150w\" sizes=\"(max-width: 512px) 100vw, 512px\" \/><\/figure>\n\n\n\n<h3 class=\"wp-block-heading has-text-align-center\"><strong>Conseil et Audit<\/strong> <\/h3>\n\n\n\n<div class=\"wp-block-group is-layout-constrained wp-container-core-group-is-layout-9b1db0e5 wp-block-group-is-layout-constrained\" style=\"padding-top:var(--wp--preset--spacing--70);padding-bottom:var(--wp--preset--spacing--70)\">\n<p class=\"has-text-align-center\">Obtenez des conseils pour vos projets de r\u00e9novation. <\/p>\n\n\n\n<p class=\"has-text-align-center\">Anna Lesort r\u00e9alise les audits r\u00e9glementaires et incitatifs des logements individuels et collectifs. <\/p>\n\n\n\n<p class=\"has-text-align-center\">Agr\u00e9\u00e9e Accompagnateur R\u00e9nov&rsquo; par l&rsquo;Anah.<\/p>\n<\/div>\n\n\n\n<div class=\"wp-block-buttons is-horizontal is-content-justification-center is-layout-flex wp-container-core-buttons-is-layout-03627597 wp-block-buttons-is-layout-flex\">\n<div class=\"wp-block-button is-style-outline is-style-outline--7\"><a class=\"wp-block-button__link wp-element-button\">En savoir plus<\/a><\/div>\n<\/div>\n<\/div>\n<\/div>\n<\/div>\n<\/div>\n\n\n\n<h2 class=\"wp-block-heading has-text-align-center\">Contact<\/h2>\n\n\n\n<p>Vous avez un projet en t\u00eate ? N&rsquo;h\u00e9sitez pas \u00e0 nous contacter pour discuter de la mani\u00e8re dont nous pouvons vous accompagner.<\/p>\n\n\n\n<p>Le plus pratique pour nous c&rsquo;est que vous remplissiez ce <a href=\"https:\/\/lesortarchi.notion.site\/1513be667f2e8086bdf5d6b55be44500?pvs=105\" target=\"_blank\" rel=\"noreferrer noopener\">formulaire de contact<\/a>.<\/p>\n\n\n\n<p>Mais vous pouvez aussi contacter votre architecte au 07 70 26 17 51 ou par mail : <a href=\"mailto:contact@lesortarchi.fr\">contact@lesortarchi.fr<\/a> .<\/p>\n\n\n\n<p><\/p>\n","protected":false},"excerpt":{"rendered":"<p>site en construction Bienvenue ! Fond\u00e9 en 2022 par Anna Lesort, architecte passionn\u00e9e par le b\u00e2ti ancien et ses innombrables possibilit\u00e9s de transformations et de transmission, l&rsquo;atelier ALA se consacre \u00e0 accompagner tant les particuliers que les entreprises dans leurs projets de travaux. ALA accorde une place pr\u00e9pond\u00e9rante au diagnostic, qu&rsquo;il soit architectural et patrimonial [&hellip;]<\/p>\n","protected":false},"author":1,"featured_media":0,"parent":0,"menu_order":0,"comment_status":"closed","ping_status":"closed","template":"","meta":{"footnotes":""},"class_list":["post-11","page","type-page","status-publish","hentry"],"_links":{"self":[{"href":"https:\/\/www.lesortarchi.fr\/index.php?rest_route=\/wp\/v2\/pages\/11","targetHints":{"allow":["GET"]}}],"collection":[{"href":"https:\/\/www.lesortarchi.fr\/index.php?rest_route=\/wp\/v2\/pages"}],"about":[{"href":"https:\/\/www.lesortarchi.fr\/index.php?rest_route=\/wp\/v2\/types\/page"}],"author":[{"embeddable":true,"href":"https:\/\/www.lesortarchi.fr\/index.php?rest_route=\/wp\/v2\/users\/1"}],"replies":[{"embeddable":true,"href":"https:\/\/www.lesortarchi.fr\/index.php?rest_route=%2Fwp%2Fv2%2Fcomments&post=11"}],"version-history":[{"count":17,"href":"https:\/\/www.lesortarchi.fr\/index.php?rest_route=\/wp\/v2\/pages\/11\/revisions"}],"predecessor-version":[{"id":84,"href":"https:\/\/www.lesortarchi.fr\/index.php?rest_route=\/wp\/v2\/pages\/11\/revisions\/84"}],"wp:attachment":[{"href":"https:\/\/www.lesortarchi.fr\/index.php?rest_route=%2Fwp%2Fv2%2Fmedia&parent=11"}],"curies":[{"name":"wp","href":"https:\/\/api.w.org\/{rel}","templated":true}]}}